{"id":2228,"date":"2023-11-15T16:03:51","date_gmt":"2023-11-15T15:03:51","guid":{"rendered":"https:\/\/2023.e-e-consult.com\/site-notice\/"},"modified":"2025-04-10T16:19:30","modified_gmt":"2025-04-10T14:19:30","slug":"site-notice","status":"publish","type":"page","link":"https:\/\/www.e-e-consult.com\/en\/site-notice\/","title":{"rendered":"Site Notice"},"content":{"rendered":"\t\t<div data-elementor-type=\"wp-page\" data-elementor-id=\"2228\" class=\"elementor elementor-2228 elementor-1740\" data-elementor-post-type=\"page\">\n\t\t\t\t<div class=\"elementor-element elementor-element-930bd98 e-flex e-con-boxed e-con e-parent\" data-id=\"930bd98\" data-element_type=\"container\" data-e-type=\"container\">\n\t\t\t\t\t<div class=\"e-con-inner\">\n\t\t\t\t<div class=\"elementor-element elementor-element-4defdae elementor-widget elementor-widget-heading\" data-id=\"4defdae\" data-element_type=\"widget\" data-e-type=\"widget\" data-widget_type=\"heading.default\">\n\t\t\t\t<div class=\"elementor-widget-container\">\n\t\t\t\t\t<h2 class=\"elementor-heading-title elementor-size-default\">SITE NOTICE<\/h2>\t\t\t\t<\/div>\n\t\t\t\t<\/div>\n\t\t\t\t\t<\/div>\n\t\t\t\t<\/div>\n\t\t<div class=\"elementor-element elementor-element-eb23bd9 e-con-full e-flex e-con e-parent\" data-id=\"eb23bd9\" data-element_type=\"container\" data-e-type=\"container\">\n\t\t<div class=\"elementor-element elementor-element-d2937bb e-con-full e-flex e-con e-child\" data-id=\"d2937bb\" data-element_type=\"container\" data-e-type=\"container\">\n\t\t\t\t<div class=\"elementor-element elementor-element-5444665 elementor-widget elementor-widget-text-editor\" data-id=\"5444665\" data-element_type=\"widget\" data-e-type=\"widget\" data-widget_type=\"text-editor.default\">\n\t\t\t\t<div class=\"elementor-widget-container\">\n\t\t\t\t\t\t\t\t\t<p class=\"wp-block-heading\"><strong>RESPONSIBLE FOR THIS WEBSITE<\/strong><\/p>\n<p>E:E Consulting GmbH<br \/>Eichenweg 2 B<br \/>D-21521 Aum\u00fchle<br \/>Germany<\/p>\n<p>Commercial Register: HRB 19357 HL<br \/>Registration court: Amtsgericht L\u00fcbeck<\/p>\n<p><strong>Represented by:<\/strong><br \/>Rainer Bachmann<br \/>Joachim H\u00f6lzer<br \/>Stephan Voit<\/p>\n<p><strong>CONTACT<\/strong><\/p>\n<p>Phone: +49 (234) 93829051<br \/>E-Mail: info@e-e-consult.com<\/p>\n<p><strong>VAT ID<\/strong><\/p>\n<p>Sales tax identification number according to Sect. 27 a of the Sales Tax Law: DE310774651<\/p>\n\t\t\t\t\t\t\t\t<\/div>\n\t\t\t\t<\/div>\n\t\t\t\t<\/div>\n\t\t<div class=\"elementor-element elementor-element-d040d97 e-con-full e-flex e-con e-child\" data-id=\"d040d97\" data-element_type=\"container\" data-e-type=\"container\">\n\t\t\t\t<div class=\"elementor-element elementor-element-00d479b elementor-widget elementor-widget-text-editor\" data-id=\"00d479b\" data-element_type=\"widget\" data-e-type=\"widget\" data-widget_type=\"text-editor.default\">\n\t\t\t\t<div class=\"elementor-widget-container\">\n\t\t\t\t\t\t\t\t\t<p class=\"wp-block-heading\"><strong>LIABILITY FOR CONTENTS<\/strong><\/p>\n<p>As service providers, we are liable for own contents of these websites according to Paragraph 7, Sect. 1 German Telemedia Act (TMG). However, according to Paragraphs 8 to 10 German Telemedia Act (TMG), service providers are not obligated to permanently monitor submitted or stored information or to search for evidences that indicate illegal activities.<\/p>\n<p>Legal obligations to removing information or to blocking the use of information remain unchallenged. In this case, liability is only possible at the time of knowledge about a specific violation of law. Illegal contents will be removed immediately at the time we get knowledge of them.<\/p>\n<p class=\"wp-block-heading\"><strong>LIABILITY FOR LINKS<\/strong><\/p>\n<p>Our offer includes links to external third-party websites. We have no influence on the contents of those websites, therefore we cannot guarantee for those contents. Providers or administrators of linked websites are always responsible for their own contents.<\/p>\n<p>The linked websites had been checked for possible violations of law at the time of the establishment of the link. Illegal contents were not detected at the time of the linking. A permanent monitoring of the contents of linked websites cannot be imposed without reasonable indications that there has been a violation of law. Illegal links will be removed immediately at the time we get knowledge of them.<\/p>\n<p class=\"wp-block-heading\"><strong>DISPUTE RESOLUTION PROCEEDINGS IN FRONT OF A CONSUMER ARBITRATION BOARD<\/strong><\/p>\n<p>We are not willing or obliged to participate in dispute resolution proceedings in front of a consumer arbitration board.<\/p>\n<p class=\"wp-block-heading\"><strong>COPYRIGHT<\/strong><\/p>\n<p>Contents and compilations published on these websites by the providers are subject to German copyright laws. Reproduction, editing, distribution as well as the use of any kind outside the scope of the copyright law require a written permission of the author or originator. Downloads and copies of these websites are permitted for private use only.<br \/>The commercial use of our contents without permission of the originator is prohibited.<\/p>\n<p>The website operator reserves the express right to use its content for commercial text and data mining in accordance with Section 44b of the German Copyright Act. To purchase a corresponding license, please contact info@e-e-consult.com.<\/p>\n<p>Copyright laws of third parties are respected as long as the contents on these websites do not originate from the provider. Contributions of third parties on this site are indicated as such. However, if you notice any violations of copyright law, please inform us. Such contents will be removed immediately.<\/p>\n<p class=\"wp-block-heading\"><strong>IMAGE CREDITS<\/strong><\/p>\n<p>These are the property of the owner of the website or acquired with a license.<\/p>\n<p>\u00a9 Elnur \/ Fotolia<br \/>\u00a9 kasto \/ Fotolia<br \/>\u00a9 jamesteohart \/ Fotolia<br \/>\u00a9 Robert Kneschke \/ Fotolia<\/p>\n\t\t\t\t\t\t\t\t<\/div>\n\t\t\t\t<\/div>\n\t\t\t\t<\/div>\n\t\t\t\t<\/div>\n\t\t\t\t<\/div>\n\t\t","protected":false},"excerpt":{"rendered":"<p>SITE NOTICE RESPONSIBLE FOR THIS WEBSITE E:E Consulting GmbHEichenweg 2 BD-21521 Aum\u00fchleGermany Commercial Register: HRB 19357 HLRegistration court: Amtsgericht L\u00fcbeck Represented by:Rainer BachmannJoachim H\u00f6lzerStephan Voit CONTACT Phone: +49 (234) 93829051E-Mail: info@e-e-consult.com VAT ID Sales tax identification number according to Sect. 27 a of the Sales Tax Law: DE310774651 LIABILITY FOR CONTENTS As service providers, we [&hellip;]<\/p>\n","protected":false},"author":2,"featured_media":0,"parent":0,"menu_order":0,"comment_status":"closed","ping_status":"closed","template":"","meta":{"site-sidebar-layout":"no-sidebar","site-content-layout":"","ast-site-content-layout":"full-width-container","site-content-style":"default","site-sidebar-style":"default","ast-global-header-display":"","ast-banner-title-visibility":"","ast-main-header-display":"","ast-hfb-above-header-display":"","ast-hfb-below-header-display":"","ast-hfb-mobile-header-display":"","site-post-title":"disabled","ast-breadcrumbs-content":"","ast-featured-img":"disabled","footer-sml-layout":"","ast-disable-related-posts":"","theme-transparent-header-meta":"","adv-header-id-meta":"","stick-header-meta":"","header-above-stick-meta":"","header-main-stick-meta":"","header-below-stick-meta":"","astra-migrate-meta-layouts":"default","ast-page-background-enabled":"default","ast-page-background-meta":{"desktop":{"background-color":"var(--ast-global-color-4)","background-image":"","background-repeat":"repeat","background-position":"center center","background-size":"auto","background-attachment":"scroll","background-type":"","background-media":"","overlay-type":"","overlay-color":"","overlay-opacity":"","overlay-gradient":""},"tablet":{"background-color":"","background-image":"","background-repeat":"repeat","background-position":"center center","background-size":"auto","background-attachment":"scroll","background-type":"","background-media":"","overlay-type":"","overlay-color":"","overlay-opacity":"","overlay-gradient":""},"mobile":{"background-color":"","background-image":"","background-repeat":"repeat","background-position":"center center","background-size":"auto","background-attachment":"scroll","background-type":"","background-media":"","overlay-type":"","overlay-color":"","overlay-opacity":"","overlay-gradient":""}},"ast-content-background-meta":{"desktop":{"background-color":"var(--ast-global-color-5)","background-image":"","background-repeat":"repeat","background-position":"center center","background-size":"auto","background-attachment":"scroll","background-type":"","background-media":"","overlay-type":"","overlay-color":"","overlay-opacity":"","overlay-gradient":""},"tablet":{"background-color":"var(--ast-global-color-5)","background-image":"","background-repeat":"repeat","background-position":"center center","background-size":"auto","background-attachment":"scroll","background-type":"","background-media":"","overlay-type":"","overlay-color":"","overlay-opacity":"","overlay-gradient":""},"mobile":{"background-color":"var(--ast-global-color-5)","background-image":"","background-repeat":"repeat","background-position":"center center","background-size":"auto","background-attachment":"scroll","background-type":"","background-media":"","overlay-type":"","overlay-color":"","overlay-opacity":"","overlay-gradient":""}},"footnotes":""},"class_list":["post-2228","page","type-page","status-publish","hentry"],"yoast_head":"<!-- This site is optimized with the Yoast SEO plugin v27.0 - https:\/\/yoast.com\/product\/yoast-seo-wordpress\/ -->\n<title>Site Notice - E:E Consulting<\/title>\n<meta name=\"robots\" content=\"index, follow, max-snippet:-1, max-image-preview:large, max-video-preview:-1\" \/>\n<link rel=\"canonical\" href=\"https:\/\/www.e-e-consult.com\/en\/site-notice\/\" \/>\n<meta property=\"og:locale\" content=\"en_US\" \/>\n<meta property=\"og:type\" content=\"article\" \/>\n<meta property=\"og:title\" content=\"Site Notice - E:E Consulting\" \/>\n<meta property=\"og:description\" content=\"SITE NOTICE RESPONSIBLE FOR THIS WEBSITE E:E Consulting GmbHEichenweg 2 BD-21521 Aum\u00fchleGermany Commercial Register: HRB 19357 HLRegistration court: Amtsgericht L\u00fcbeck Represented by:Rainer BachmannJoachim H\u00f6lzerStephan Voit CONTACT Phone: +49 (234) 93829051E-Mail: info@e-e-consult.com VAT ID Sales tax identification number according to Sect. 27 a of the Sales Tax Law: DE310774651 LIABILITY FOR CONTENTS As service providers, we [&hellip;]\" \/>\n<meta property=\"og:url\" content=\"https:\/\/www.e-e-consult.com\/en\/site-notice\/\" \/>\n<meta property=\"og:site_name\" content=\"E:E Consulting\" \/>\n<meta property=\"article:modified_time\" content=\"2025-04-10T14:19:30+00:00\" \/>\n<meta name=\"twitter:card\" content=\"summary_large_image\" \/>\n<meta name=\"twitter:label1\" content=\"Est. reading time\" \/>\n\t<meta name=\"twitter:data1\" content=\"2 minutes\" \/>\n<script type=\"application\/ld+json\" class=\"yoast-schema-graph\">{\"@context\":\"https:\/\/schema.org\",\"@graph\":[{\"@type\":\"WebPage\",\"@id\":\"https:\/\/www.e-e-consult.com\/en\/site-notice\/\",\"url\":\"https:\/\/www.e-e-consult.com\/en\/site-notice\/\",\"name\":\"Site Notice - E:E Consulting\",\"isPartOf\":{\"@id\":\"https:\/\/www.e-e-consult.com\/en\/#website\"},\"datePublished\":\"2023-11-15T15:03:51+00:00\",\"dateModified\":\"2025-04-10T14:19:30+00:00\",\"breadcrumb\":{\"@id\":\"https:\/\/www.e-e-consult.com\/en\/site-notice\/#breadcrumb\"},\"inLanguage\":\"en-US\",\"potentialAction\":[{\"@type\":\"ReadAction\",\"target\":[\"https:\/\/www.e-e-consult.com\/en\/site-notice\/\"]}]},{\"@type\":\"BreadcrumbList\",\"@id\":\"https:\/\/www.e-e-consult.com\/en\/site-notice\/#breadcrumb\",\"itemListElement\":[{\"@type\":\"ListItem\",\"position\":1,\"name\":\"Startseite\",\"item\":\"https:\/\/www.e-e-consult.com\/en\/\"},{\"@type\":\"ListItem\",\"position\":2,\"name\":\"Site Notice\"}]},{\"@type\":\"WebSite\",\"@id\":\"https:\/\/www.e-e-consult.com\/en\/#website\",\"url\":\"https:\/\/www.e-e-consult.com\/en\/\",\"name\":\"E:E Consulting\",\"description\":\"Shaping the Future of a Sustainable Energy and E-mobility Sector across Europe\",\"publisher\":{\"@id\":\"https:\/\/www.e-e-consult.com\/en\/#organization\"},\"potentialAction\":[{\"@type\":\"SearchAction\",\"target\":{\"@type\":\"EntryPoint\",\"urlTemplate\":\"https:\/\/www.e-e-consult.com\/en\/?s={search_term_string}\"},\"query-input\":{\"@type\":\"PropertyValueSpecification\",\"valueRequired\":true,\"valueName\":\"search_term_string\"}}],\"inLanguage\":\"en-US\"},{\"@type\":\"Organization\",\"@id\":\"https:\/\/www.e-e-consult.com\/en\/#organization\",\"name\":\"E:E Consulting\",\"url\":\"https:\/\/www.e-e-consult.com\/en\/\",\"logo\":{\"@type\":\"ImageObject\",\"inLanguage\":\"en-US\",\"@id\":\"https:\/\/www.e-e-consult.com\/en\/#\/schema\/logo\/image\/\",\"url\":\"https:\/\/www.e-e-consult.com\/wp-content\/uploads\/2023\/11\/logo-e-e-consult.png\",\"contentUrl\":\"https:\/\/www.e-e-consult.com\/wp-content\/uploads\/2023\/11\/logo-e-e-consult.png\",\"width\":334,\"height\":334,\"caption\":\"E:E Consulting\"},\"image\":{\"@id\":\"https:\/\/www.e-e-consult.com\/en\/#\/schema\/logo\/image\/\"}}]}<\/script>\n<!-- \/ Yoast SEO plugin. -->","yoast_head_json":{"title":"Site Notice - E:E Consulting","robots":{"index":"index","follow":"follow","max-snippet":"max-snippet:-1","max-image-preview":"max-image-preview:large","max-video-preview":"max-video-preview:-1"},"canonical":"https:\/\/www.e-e-consult.com\/en\/site-notice\/","og_locale":"en_US","og_type":"article","og_title":"Site Notice - E:E Consulting","og_description":"SITE NOTICE RESPONSIBLE FOR THIS WEBSITE E:E Consulting GmbHEichenweg 2 BD-21521 Aum\u00fchleGermany Commercial Register: HRB 19357 HLRegistration court: Amtsgericht L\u00fcbeck Represented by:Rainer BachmannJoachim H\u00f6lzerStephan Voit CONTACT Phone: +49 (234) 93829051E-Mail: info@e-e-consult.com VAT ID Sales tax identification number according to Sect. 27 a of the Sales Tax Law: DE310774651 LIABILITY FOR CONTENTS As service providers, we [&hellip;]","og_url":"https:\/\/www.e-e-consult.com\/en\/site-notice\/","og_site_name":"E:E Consulting","article_modified_time":"2025-04-10T14:19:30+00:00","twitter_card":"summary_large_image","twitter_misc":{"Est. reading time":"2 minutes"},"schema":{"@context":"https:\/\/schema.org","@graph":[{"@type":"WebPage","@id":"https:\/\/www.e-e-consult.com\/en\/site-notice\/","url":"https:\/\/www.e-e-consult.com\/en\/site-notice\/","name":"Site Notice - E:E Consulting","isPartOf":{"@id":"https:\/\/www.e-e-consult.com\/en\/#website"},"datePublished":"2023-11-15T15:03:51+00:00","dateModified":"2025-04-10T14:19:30+00:00","breadcrumb":{"@id":"https:\/\/www.e-e-consult.com\/en\/site-notice\/#breadcrumb"},"inLanguage":"en-US","potentialAction":[{"@type":"ReadAction","target":["https:\/\/www.e-e-consult.com\/en\/site-notice\/"]}]},{"@type":"BreadcrumbList","@id":"https:\/\/www.e-e-consult.com\/en\/site-notice\/#breadcrumb","itemListElement":[{"@type":"ListItem","position":1,"name":"Startseite","item":"https:\/\/www.e-e-consult.com\/en\/"},{"@type":"ListItem","position":2,"name":"Site Notice"}]},{"@type":"WebSite","@id":"https:\/\/www.e-e-consult.com\/en\/#website","url":"https:\/\/www.e-e-consult.com\/en\/","name":"E:E Consulting","description":"Shaping the Future of a Sustainable Energy and E-mobility Sector across Europe","publisher":{"@id":"https:\/\/www.e-e-consult.com\/en\/#organization"},"potentialAction":[{"@type":"SearchAction","target":{"@type":"EntryPoint","urlTemplate":"https:\/\/www.e-e-consult.com\/en\/?s={search_term_string}"},"query-input":{"@type":"PropertyValueSpecification","valueRequired":true,"valueName":"search_term_string"}}],"inLanguage":"en-US"},{"@type":"Organization","@id":"https:\/\/www.e-e-consult.com\/en\/#organization","name":"E:E Consulting","url":"https:\/\/www.e-e-consult.com\/en\/","logo":{"@type":"ImageObject","inLanguage":"en-US","@id":"https:\/\/www.e-e-consult.com\/en\/#\/schema\/logo\/image\/","url":"https:\/\/www.e-e-consult.com\/wp-content\/uploads\/2023\/11\/logo-e-e-consult.png","contentUrl":"https:\/\/www.e-e-consult.com\/wp-content\/uploads\/2023\/11\/logo-e-e-consult.png","width":334,"height":334,"caption":"E:E Consulting"},"image":{"@id":"https:\/\/www.e-e-consult.com\/en\/#\/schema\/logo\/image\/"}}]}},"_links":{"self":[{"href":"https:\/\/www.e-e-consult.com\/en\/wp-json\/wp\/v2\/pages\/2228","targetHints":{"allow":["GET"]}}],"collection":[{"href":"https:\/\/www.e-e-consult.com\/en\/wp-json\/wp\/v2\/pages"}],"about":[{"href":"https:\/\/www.e-e-consult.com\/en\/wp-json\/wp\/v2\/types\/page"}],"author":[{"embeddable":true,"href":"https:\/\/www.e-e-consult.com\/en\/wp-json\/wp\/v2\/users\/2"}],"replies":[{"embeddable":true,"href":"https:\/\/www.e-e-consult.com\/en\/wp-json\/wp\/v2\/comments?post=2228"}],"version-history":[{"count":5,"href":"https:\/\/www.e-e-consult.com\/en\/wp-json\/wp\/v2\/pages\/2228\/revisions"}],"predecessor-version":[{"id":3166,"href":"https:\/\/www.e-e-consult.com\/en\/wp-json\/wp\/v2\/pages\/2228\/revisions\/3166"}],"wp:attachment":[{"href":"https:\/\/www.e-e-consult.com\/en\/wp-json\/wp\/v2\/media?parent=2228"}],"curies":[{"name":"wp","href":"https:\/\/api.w.org\/{rel}","templated":true}]}}